{"id":6,"date":"2020-12-18T14:42:45","date_gmt":"2020-12-18T14:42:45","guid":{"rendered":"https:\/\/teaching.ancamarianica.ro\/?page_id=6"},"modified":"2020-12-21T20:13:15","modified_gmt":"2020-12-21T20:13:15","slug":"despre","status":"publish","type":"page","link":"https:\/\/teaching.ancamarianica.ro\/","title":{"rendered":"Despre"},"content":{"rendered":"\n<p>Aceast\u0103 disciplin\u0103 \u00ee\u015fi propune s\u0103 v\u0103 ajute \u00een a deprinde abilit\u0103\u0163i de lucru \u00een programele Microsoft Word \u015fi PowerPoint precum \u015fi c\u00e2teva no\u0163iuni de marketing oferite de cursurile gratuite din atelierul Google.<\/p>\n","protected":false},"excerpt":{"rendered":"<p>Aceast\u0103 disciplin\u0103 \u00ee\u015fi propune s\u0103 v\u0103 ajute \u00een a deprinde abilit\u0103\u0163i de lucru \u00een programele Microsoft Word \u015fi PowerPoint precum [&hellip;]<\/p>\n","protected":false},"author":1,"featured_media":0,"parent":0,"menu_order":0,"comment_status":"closed","ping_status":"closed","template":"","meta":[],"_links":{"self":[{"href":"https:\/\/teaching.ancamarianica.ro\/index.php\/wp-json\/wp\/v2\/pages\/6"}],"collection":[{"href":"https:\/\/teaching.ancamarianica.ro\/index.php\/wp-json\/wp\/v2\/pages"}],"about":[{"href":"https:\/\/teaching.ancamarianica.ro\/index.php\/wp-json\/wp\/v2\/types\/page"}],"author":[{"embeddable":true,"href":"https:\/\/teaching.ancamarianica.ro\/index.php\/wp-json\/wp\/v2\/users\/1"}],"replies":[{"embeddable":true,"href":"https:\/\/teaching.ancamarianica.ro\/index.php\/wp-json\/wp\/v2\/comments?post=6"}],"version-history":[{"count":3,"href":"https:\/\/teaching.ancamarianica.ro\/index.php\/wp-json\/wp\/v2\/pages\/6\/revisions"}],"predecessor-version":[{"id":67,"href":"https:\/\/teaching.ancamarianica.ro\/index.php\/wp-json\/wp\/v2\/pages\/6\/revisions\/67"}],"wp:attachment":[{"href":"https:\/\/teaching.ancamarianica.ro\/index.php\/wp-json\/wp\/v2\/media?parent=6"}],"curies":[{"name":"wp","href":"https:\/\/api.w.org\/{rel}","templated":true}]}}