{"id":51,"date":"2020-12-21T19:43:20","date_gmt":"2020-12-21T19:43:20","guid":{"rendered":"https:\/\/teaching.ancamarianica.ro\/?page_id=51"},"modified":"2022-10-10T14:07:17","modified_gmt":"2022-10-10T14:07:17","slug":"proiect-4-certificare","status":"publish","type":"page","link":"https:\/\/teaching.ancamarianica.ro\/index.php\/proiect-4-certificare\/","title":{"rendered":"Proiect 4 &#8211; Certificare"},"content":{"rendered":"\n<p>Termen de trimis certificatul: <strong><span class=\"has-inline-color has-vivid-red-color\">11 ianuarie 2023<\/span><\/strong><\/p>\n\n\n\n<figure class=\"wp-block-image size-large is-style-default\"><img loading=\"lazy\" width=\"512\" height=\"379\" src=\"https:\/\/teaching.ancamarianica.ro\/wp-content\/uploads\/2020\/12\/google.png\" alt=\"\" class=\"wp-image-47\" srcset=\"https:\/\/teaching.ancamarianica.ro\/wp-content\/uploads\/2020\/12\/google.png 512w, https:\/\/teaching.ancamarianica.ro\/wp-content\/uploads\/2020\/12\/google-300x222.png 300w\" sizes=\"(max-width: 512px) 100vw, 512px\" \/><\/figure>\n\n\n\n<p>Atelierul Digital @ Google<\/p>\n\n\n\n<ol><li>Accesa\u021bi pagina <a href=\"https:\/\/atelieruldigital.withgoogle.com\/\">https:\/\/atelieruldigital.withgoogle.com\/<\/a><\/li><li>Conecta\u021bi-v\u0103 (doar) cu contul de Google (acela\u0219i cont folosit la accesarea Gmail) sau folosi\u021bi optiunea \u00ab&nbsp;\u00cencepe acum\u00ab&nbsp;<\/li><li>Din fereastra care se deschide alege\u021bi \u00ab&nbsp;Conecta\u021bi-v\u0103 cu Google\u00ab&nbsp;\u0219i va trebui apoi s\u0103 selecta\u021bi contul dvs de Google<\/li><li>Parcurge\u021bi unul dup\u0103 altul toate cele 21 + 2 module, trec\u00e2nd prin toate evalu\u0103rile lec\u021biilor \u0219i a modulelor. Puteti urm\u0103ri fiecare lec\u021bie fie \u00een format video fie \u00een format scris, dup\u0103 cum v\u0103 convine mai mult<\/li><li>\u00cen final ar trebui s\u0103 obtine\u021bi certificarea Google.<\/li><\/ol>\n\n\n\n<p>Evaluarea parcurgerii acestui proiect \u2013 doar la laborator \u2013 va consta \u00een logarea fiec\u0103ruia la contul folosit pentur parcurgerea \u00eentregului modul, vizualizarea dashboard-ului personal \u0219i a certificatului eliberat de Google.<\/p>\n\n\n\n<p>Orice \u00eentreb\u0103ri vor fi adresate catre:<\/p>\n\n\n\n<ul><li>Anca-Maria Nica \u2013 <a href=\"mailto:teaching@ancamarianica.ro\" data-type=\"mailto\" data-id=\"mailto:teaching@ancamarianica.ro\" target=\"_blank\" rel=\"noreferrer noopener\">teaching@ancamarianica.ro<\/a><ul><li>\u00een subiectul emailului se va indica TEO-2022<\/li><\/ul><\/li><\/ul>\n\n\n\n<p>Succes \u0219i spor la lucru!<\/p>\n","protected":false},"excerpt":{"rendered":"<p>Termen de trimis certificatul: 11 ianuarie 2023 Atelierul Digital @ Google Accesa\u021bi pagina https:\/\/atelieruldigital.withgoogle.com\/ Conecta\u021bi-v\u0103 (doar) cu contul de Google [&hellip;]<\/p>\n","protected":false},"author":1,"featured_media":0,"parent":0,"menu_order":0,"comment_status":"closed","ping_status":"closed","template":"","meta":[],"_links":{"self":[{"href":"https:\/\/teaching.ancamarianica.ro\/index.php\/wp-json\/wp\/v2\/pages\/51"}],"collection":[{"href":"https:\/\/teaching.ancamarianica.ro\/index.php\/wp-json\/wp\/v2\/pages"}],"about":[{"href":"https:\/\/teaching.ancamarianica.ro\/index.php\/wp-json\/wp\/v2\/types\/page"}],"author":[{"embeddable":true,"href":"https:\/\/teaching.ancamarianica.ro\/index.php\/wp-json\/wp\/v2\/users\/1"}],"replies":[{"embeddable":true,"href":"https:\/\/teaching.ancamarianica.ro\/index.php\/wp-json\/wp\/v2\/comments?post=51"}],"version-history":[{"count":8,"href":"https:\/\/teaching.ancamarianica.ro\/index.php\/wp-json\/wp\/v2\/pages\/51\/revisions"}],"predecessor-version":[{"id":163,"href":"https:\/\/teaching.ancamarianica.ro\/index.php\/wp-json\/wp\/v2\/pages\/51\/revisions\/163"}],"wp:attachment":[{"href":"https:\/\/teaching.ancamarianica.ro\/index.php\/wp-json\/wp\/v2\/media?parent=51"}],"curies":[{"name":"wp","href":"https:\/\/api.w.org\/{rel}","templated":true}]}}