{"id":42,"date":"2020-12-21T19:33:14","date_gmt":"2020-12-21T19:33:14","guid":{"rendered":"https:\/\/teaching.ancamarianica.ro\/?page_id=42"},"modified":"2022-11-29T21:46:52","modified_gmt":"2022-11-29T21:46:52","slug":"proiect-3-prezentare-ppt","status":"publish","type":"page","link":"https:\/\/teaching.ancamarianica.ro\/index.php\/proiect-3-prezentare-ppt\/","title":{"rendered":"Proiect 3 &#8211; Prezentare ppt"},"content":{"rendered":"\n<p>Termen de predare la laborator: <strong><span class=\"has-inline-color has-vivid-red-color\">14 decembrie 2022<\/span><\/strong><\/p>\n\n\n\n<p>C\u00e2teva \u00eendrum\u0103ri pentru acest proiect pute\u021bi g\u0103si <a href=\"https:\/\/www.ancamarianica.ro\/descarca\/Proiectul3-partea1.mp4\" data-type=\"URL\" target=\"_blank\" rel=\"noreferrer noopener\">aici<\/a> \u0219i <a href=\"https:\/\/ancamarianica.ro\/descarca\/Proiectul3-partea2.mp4\" data-type=\"URL\" target=\"_blank\" rel=\"noreferrer noopener\">aici<\/a>.<\/p>\n\n\n\n<figure class=\"wp-block-image size-large\"><img loading=\"lazy\" width=\"797\" height=\"449\" src=\"https:\/\/teaching.ancamarianica.ro\/wp-content\/uploads\/2020\/12\/ppt.png\" alt=\"\" class=\"wp-image-43\" srcset=\"https:\/\/teaching.ancamarianica.ro\/wp-content\/uploads\/2020\/12\/ppt.png 797w, https:\/\/teaching.ancamarianica.ro\/wp-content\/uploads\/2020\/12\/ppt-300x169.png 300w, https:\/\/teaching.ancamarianica.ro\/wp-content\/uploads\/2020\/12\/ppt-768x433.png 768w\" sizes=\"(max-width: 797px) 100vw, 797px\" \/><\/figure>\n\n\n\n<p>Realiza\u021bi o prezentare PowerPoint de maxim 10 diapozitive av\u00e2nd ca subiect unul dintre cele cinci propuse mai jos (A-E). Ve\u021bi include minimal:<\/p>\n\n\n\n<ol><li>dou\u0103 diapozitive coordonatoare (Slide Master) cu o sigl\u0103 (a institu\u021biei la care lucra\u021bi) sau alt\u0103 imagine reprezentativ\u0103,<\/li><li>un tabel,<\/li><li>o diagram\u0103,<\/li><li>o ilustra\u021bie SmartArt,<\/li><li>3 forme grafice (diferite \u00eentre ele), dintre care 2 s\u0103 aib\u0103 text inclus,<\/li><li>2-5 imagini cu format\u0103ri diferite,<\/li><li>1-2 clipuri muzicale, cu marcaje diferite, f\u0103r\u0103 imagine \u00een fundal,<\/li><li>1 film,<\/li><li>butoane de ac\u021biune \u00eentre diapozitive \u015fi c\u0103tre cele mai importante diapozitive,<\/li><li>elemente de anima\u021bie \u015fi tranzi\u021bie.<\/li><\/ol>\n\n\n\n<p>Subiecte posibile:<\/p>\n\n\n\n<ol type=\"A\"><li>m\u0103n\u0103stirea sau parohia de care apar\u021bine\u021bi: localizare, ctitori, istorie, oaspe\u021bi ilu\u0219tri, date remarcabile<\/li><li>Sf\u00e2ntul \/ Sf\u00e2nta care v\u0103 ocrote\u0219te: date biografice, informa\u021bii remarcabile, imagini<\/li><li>o localitate: localizare, date statistice, istorie, personalit\u0103\u021bi deosebite<\/li><li>un produs: imagini, calit\u0103\u021bi \u015fi defecte, mod de utilizare, beneficiari (celebri)<\/li><li>o plant\u0103: caracteristici, structur\u0103 (elementele florale), imagini, date despre evolu\u021bie, etc.<\/li><\/ol>\n\n\n\n<p>Evaluarea acestor prezent\u0103ri se va face prin calificative, verific\u00e2nd utilizarea adecvat\u0103 a tuturor elementelor cerute. Verificarea va avea \u00een vedere \u015fi con\u0163inutul prezentat, corectitudinea gramatical\u0103 \u015fi ortografic\u0103 \u015fi, foarte important, originalitatea. Plagiatul va fi sanc\u021bionat.<\/p>\n\n\n\n<p>Prezentarea (format ppt sau pptx dar nu pdf) va fi prezentat\u0103 la laborator.<\/p>\n\n\n\n<p>Orice \u00eentreb\u0103ri vor fi adresate c\u0103tre \u00eendrum\u0103torul de laborator:<\/p>\n\n\n\n<ul><li>Anca-Maria Nica \u2013 <a rel=\"noreferrer noopener\" href=\"mailto:teaching@ancamarianica.ro\" target=\"_blank\">teaching@ancamarianica.ro<\/a> <ul><li>\u00een subiectul emailului se va indica TEO-2022<\/li><\/ul><\/li><\/ul>\n\n\n\n<p>Succes \u0219i spor la lucru!<\/p>\n","protected":false},"excerpt":{"rendered":"<p>Termen de predare la laborator: 14 decembrie 2022 C\u00e2teva \u00eendrum\u0103ri pentru acest proiect pute\u021bi g\u0103si aici \u0219i aici. Realiza\u021bi o [&hellip;]<\/p>\n","protected":false},"author":1,"featured_media":0,"parent":0,"menu_order":0,"comment_status":"closed","ping_status":"closed","template":"","meta":[],"_links":{"self":[{"href":"https:\/\/teaching.ancamarianica.ro\/index.php\/wp-json\/wp\/v2\/pages\/42"}],"collection":[{"href":"https:\/\/teaching.ancamarianica.ro\/index.php\/wp-json\/wp\/v2\/pages"}],"about":[{"href":"https:\/\/teaching.ancamarianica.ro\/index.php\/wp-json\/wp\/v2\/types\/page"}],"author":[{"embeddable":true,"href":"https:\/\/teaching.ancamarianica.ro\/index.php\/wp-json\/wp\/v2\/users\/1"}],"replies":[{"embeddable":true,"href":"https:\/\/teaching.ancamarianica.ro\/index.php\/wp-json\/wp\/v2\/comments?post=42"}],"version-history":[{"count":8,"href":"https:\/\/teaching.ancamarianica.ro\/index.php\/wp-json\/wp\/v2\/pages\/42\/revisions"}],"predecessor-version":[{"id":168,"href":"https:\/\/teaching.ancamarianica.ro\/index.php\/wp-json\/wp\/v2\/pages\/42\/revisions\/168"}],"wp:attachment":[{"href":"https:\/\/teaching.ancamarianica.ro\/index.php\/wp-json\/wp\/v2\/media?parent=42"}],"curies":[{"name":"wp","href":"https:\/\/api.w.org\/{rel}","templated":true}]}}