{"id":26,"date":"2020-12-18T15:52:28","date_gmt":"2020-12-18T15:52:28","guid":{"rendered":"https:\/\/teaching.ancamarianica.ro\/?page_id=26"},"modified":"2022-10-10T13:54:04","modified_gmt":"2022-10-10T13:54:04","slug":"proiect-1-cv","status":"publish","type":"page","link":"https:\/\/teaching.ancamarianica.ro\/index.php\/proiect-1-cv\/","title":{"rendered":"Proiect 1 &#8211; CV"},"content":{"rendered":"\n<figure class=\"wp-block-image size-large\"><img src=\"https:\/\/fiverr-res.cloudinary.com\/images\/t_main1,q_auto,f_auto,q_auto,f_auto\/gigs\/109161053\/original\/feee4e84c28f89f61ca329a74a25719fa06492c5\/prepare-your-cv-for-the-european-union-with-europass.jpg\" alt=\"\"\/><\/figure>\n\n\n\n<p>Termen de trimis tema: <strong><span class=\"has-inline-color has-vivid-red-color\">26 octombrie 2022<\/span><\/strong><\/p>\n\n\n\n<p><\/p>\n\n\n\n<p>Lucru cu utilitarul Microsoft Word<\/p>\n\n\n\n<ol><li>Consulta\u021bi materialele generale de prezentare a editorului Microsoft Word.<\/li><li>Realiza\u021bi \u00een Microsoft Word CV-ul dvs \u00een format European, folosind recomand\u0103rile \u0219i template-ul disponibil la <a href=\"http:\/\/europass.cedefop.europa.eu\/ro\/documents\/curriculum-vitae\">http:\/\/europass.cedefop.europa.eu\/ro\/documents\/curriculum-vitae<\/a><ol><li>Vor fi incluse toate elementele op\u021bionale indicate \u00een template, acord\u00e2nd o deosebit\u0103 aten\u021bie tuturor detaliilor<\/li><li>CV-ul se va lucra \u00een limba rom\u00e2n\u0103, respect\u00e2nd normele academice ale gramaticii (corectitudine dpdv gramatical, folosirea diacriticelor etc.)<\/li><li>La predarea proiectului la laborator ve\u021bi primi c\u00e2teva sarcini de executat asupra fi\u0219ierului .doc (word) care con\u021bine CV-ul.<\/li><\/ol><\/li><\/ol>\n\n\n\n<div class=\"wp-block-file\"><a href=\"https:\/\/teaching.ancamarianica.ro\/wp-content\/uploads\/2022\/10\/EP001-curriculum-vitae-europass.docx\">Sablon &#8211; curriculum vitae Europass<\/a><a href=\"https:\/\/teaching.ancamarianica.ro\/wp-content\/uploads\/2022\/10\/EP001-curriculum-vitae-europass.docx\" class=\"wp-block-file__button\" download>Descarc\u0103<\/a><\/div>\n\n\n\n<p>Orice \u00eentreb\u0103ri vor fi adresate catre:<\/p>\n\n\n\n<ul><li>Anca Maria Nica \u2013 teaching [at] ancamarianica [dot] ro <br><ul><li>\u00een subiectul emailului se va indica TEO-2022<\/li><\/ul><\/li><\/ul>\n\n\n\n<p>Succes \u0219i spor la lucru!<\/p>\n","protected":false},"excerpt":{"rendered":"<p>Termen de trimis tema: 26 octombrie 2022 Lucru cu utilitarul Microsoft Word Consulta\u021bi materialele generale de prezentare a editorului Microsoft [&hellip;]<\/p>\n","protected":false},"author":1,"featured_media":0,"parent":0,"menu_order":0,"comment_status":"closed","ping_status":"closed","template":"","meta":[],"_links":{"self":[{"href":"https:\/\/teaching.ancamarianica.ro\/index.php\/wp-json\/wp\/v2\/pages\/26"}],"collection":[{"href":"https:\/\/teaching.ancamarianica.ro\/index.php\/wp-json\/wp\/v2\/pages"}],"about":[{"href":"https:\/\/teaching.ancamarianica.ro\/index.php\/wp-json\/wp\/v2\/types\/page"}],"author":[{"embeddable":true,"href":"https:\/\/teaching.ancamarianica.ro\/index.php\/wp-json\/wp\/v2\/users\/1"}],"replies":[{"embeddable":true,"href":"https:\/\/teaching.ancamarianica.ro\/index.php\/wp-json\/wp\/v2\/comments?post=26"}],"version-history":[{"count":11,"href":"https:\/\/teaching.ancamarianica.ro\/index.php\/wp-json\/wp\/v2\/pages\/26\/revisions"}],"predecessor-version":[{"id":156,"href":"https:\/\/teaching.ancamarianica.ro\/index.php\/wp-json\/wp\/v2\/pages\/26\/revisions\/156"}],"wp:attachment":[{"href":"https:\/\/teaching.ancamarianica.ro\/index.php\/wp-json\/wp\/v2\/media?parent=26"}],"curies":[{"name":"wp","href":"https:\/\/api.w.org\/{rel}","templated":true}]}}