{"id":2,"date":"2020-12-18T14:27:28","date_gmt":"2020-12-18T14:27:28","guid":{"rendered":"https:\/\/teaching.ancamarianica.ro\/?page_id=2"},"modified":"2022-10-10T13:50:57","modified_gmt":"2022-10-10T13:50:57","slug":"proiect-2-revista","status":"publish","type":"page","link":"https:\/\/teaching.ancamarianica.ro\/index.php\/proiect-2-revista\/","title":{"rendered":"Proiect 2 &#8211; Revista"},"content":{"rendered":"\n<p>Termen de trimis tema: <strong><span class=\"has-inline-color has-vivid-red-color\">16 noiembrie 2022<\/span><\/strong><\/p>\n\n\n\n<figure class=\"wp-block-gallery aligncenter columns-1\"><ul class=\"blocks-gallery-grid\"><li class=\"blocks-gallery-item\"><figure><img loading=\"lazy\" width=\"363\" height=\"508\" src=\"https:\/\/teaching.ancamarianica.ro\/wp-content\/uploads\/2020\/12\/revista.png\" alt=\"\" data-id=\"39\" data-full-url=\"https:\/\/teaching.ancamarianica.ro\/wp-content\/uploads\/2020\/12\/revista.png\" data-link=\"https:\/\/teaching.ancamarianica.ro\/index.php\/sample-page\/revista\/#main\" class=\"wp-image-39\" srcset=\"https:\/\/teaching.ancamarianica.ro\/wp-content\/uploads\/2020\/12\/revista.png 363w, https:\/\/teaching.ancamarianica.ro\/wp-content\/uploads\/2020\/12\/revista-214x300.png 214w\" sizes=\"(max-width: 363px) 100vw, 363px\" \/><\/figure><\/li><\/ul><\/figure>\n\n\n\n<p>Realiza\u021bi \u00een <strong>Microsoft Word<\/strong> o mini-revist\u0103 cu 3-4 articole dintre cele propuse uzual de revista Koinonia.<\/p>\n\n\n\n<p>Fiecare articol va avea \u00eentre 3 \u0219i 5 pagini; va avea cel pu\u021bin 3 subcapitole (introducere, &#8230; concluzii), va con\u021bine imagini (cel pu\u021bin 3 per articol), numerotarea acestora \u0219i textul va fi corect din punct de vedere gramatical (inclusiv diacritice). Se va folosi scriere \u0219i pe o coloan\u0103 \u0219i pe dou\u0103 coloane. Se va include cel pu\u021bin un tabel \u0219i un element de tip Word Art. Articolele vor avea \u00eencadr\u0103ri (chenare) diferite \u00eentre ele.<\/p>\n\n\n\n<p>Teme posibile (sugestii) pentru articole:<\/p>\n\n\n\n<ul><li>Despre parohia de unde veni\u021bi<\/li><li>Clubul copiilor din Parohie<\/li><li>M\u00e2n\u0103stire din &#8230;<\/li><li>Pelerinaje<\/li><li>Implicare social\u0103 prin &#8230;<\/li><li>Personalit\u0103\u021bi monahale<\/li><li>Ini\u021biative monahale<\/li><li>etc.<\/li><\/ul>\n\n\n\n<p>Mini-revista va avea o copert\u0103 atr\u0103g\u0103toare (realizat\u0103 tot \u00een Word), un cuprins generat automat (incluz\u00e2nd cel pu\u021bin dou\u0103 nivele de list\u0103) \u0219i pe ultima copert\u0103 o caset\u0103 de prezentare a autorului (scurt\u0103 biografie \u0219i o fotografie).<\/p>\n\n\n\n<p>Orice \u00eentreb\u0103ri vor fi adresate c\u0103tre:<\/p>\n\n\n\n<ul><li>Anca Maria Nica \u2013 teaching [at] ancamarianica [dot] ro<ul><li>\u00een subiectul emailului se va indica TEO-2022<\/li><\/ul><\/li><\/ul>\n\n\n\n<p>Succes \u0219i spor la lucru!<\/p>\n","protected":false},"excerpt":{"rendered":"<p>Termen de trimis tema: 16 noiembrie 2022 Realiza\u021bi \u00een Microsoft Word o mini-revist\u0103 cu 3-4 articole dintre cele propuse uzual [&hellip;]<\/p>\n","protected":false},"author":1,"featured_media":0,"parent":0,"menu_order":0,"comment_status":"closed","ping_status":"closed","template":"","meta":[],"_links":{"self":[{"href":"https:\/\/teaching.ancamarianica.ro\/index.php\/wp-json\/wp\/v2\/pages\/2"}],"collection":[{"href":"https:\/\/teaching.ancamarianica.ro\/index.php\/wp-json\/wp\/v2\/pages"}],"about":[{"href":"https:\/\/teaching.ancamarianica.ro\/index.php\/wp-json\/wp\/v2\/types\/page"}],"author":[{"embeddable":true,"href":"https:\/\/teaching.ancamarianica.ro\/index.php\/wp-json\/wp\/v2\/users\/1"}],"replies":[{"embeddable":true,"href":"https:\/\/teaching.ancamarianica.ro\/index.php\/wp-json\/wp\/v2\/comments?post=2"}],"version-history":[{"count":12,"href":"https:\/\/teaching.ancamarianica.ro\/index.php\/wp-json\/wp\/v2\/pages\/2\/revisions"}],"predecessor-version":[{"id":153,"href":"https:\/\/teaching.ancamarianica.ro\/index.php\/wp-json\/wp\/v2\/pages\/2\/revisions\/153"}],"wp:attachment":[{"href":"https:\/\/teaching.ancamarianica.ro\/index.php\/wp-json\/wp\/v2\/media?parent=2"}],"curies":[{"name":"wp","href":"https:\/\/api.w.org\/{rel}","templated":true}]}}